{"id":8058,"date":"2025-10-20T11:41:37","date_gmt":"2025-10-20T08:41:37","guid":{"rendered":"https:\/\/gymstreet.eu\/?page_id=8058"},"modified":"2026-04-26T14:52:38","modified_gmt":"2026-04-26T11:52:38","slug":"about","status":"publish","type":"page","link":"https:\/\/gymstreet.eu\/en\/about\/","title":{"rendered":"About"},"content":{"rendered":"\t\t<div data-elementor-type=\"wp-page\" data-elementor-id=\"8058\" class=\"elementor elementor-8058\" data-elementor-settings=\"{&quot;element_pack_global_tooltip_width&quot;:{&quot;unit&quot;:&quot;px&quot;,&quot;size&quot;:&quot;&quot;,&quot;sizes&quot;:[]},&quot;element_pack_global_tooltip_width_tablet&quot;:{&quot;unit&quot;:&quot;px&quot;,&quot;size&quot;:&quot;&quot;,&quot;sizes&quot;:[]},&quot;element_pack_global_tooltip_width_mobile&quot;:{&quot;unit&quot;:&quot;px&quot;,&quot;size&quot;:&quot;&quot;,&quot;sizes&quot;:[]},&quot;element_pack_global_tooltip_padding&quot;:{&quot;unit&quot;:&quot;px&quot;,&quot;top&quot;:&quot;&quot;,&quot;right&quot;:&quot;&quot;,&quot;bottom&quot;:&quot;&quot;,&quot;left&quot;:&quot;&quot;,&quot;isLinked&quot;:true},&quot;element_pack_global_tooltip_padding_tablet&quot;:{&quot;unit&quot;:&quot;px&quot;,&quot;top&quot;:&quot;&quot;,&quot;right&quot;:&quot;&quot;,&quot;bottom&quot;:&quot;&quot;,&quot;left&quot;:&quot;&quot;,&quot;isLinked&quot;:true},&quot;element_pack_global_tooltip_padding_mobile&quot;:{&quot;unit&quot;:&quot;px&quot;,&quot;top&quot;:&quot;&quot;,&quot;right&quot;:&quot;&quot;,&quot;bottom&quot;:&quot;&quot;,&quot;left&quot;:&quot;&quot;,&quot;isLinked&quot;:true},&quot;element_pack_global_tooltip_border_radius&quot;:{&quot;unit&quot;:&quot;px&quot;,&quot;top&quot;:&quot;&quot;,&quot;right&quot;:&quot;&quot;,&quot;bottom&quot;:&quot;&quot;,&quot;left&quot;:&quot;&quot;,&quot;isLinked&quot;:true},&quot;element_pack_global_tooltip_border_radius_tablet&quot;:{&quot;unit&quot;:&quot;px&quot;,&quot;top&quot;:&quot;&quot;,&quot;right&quot;:&quot;&quot;,&quot;bottom&quot;:&quot;&quot;,&quot;left&quot;:&quot;&quot;,&quot;isLinked&quot;:true},&quot;element_pack_global_tooltip_border_radius_mobile&quot;:{&quot;unit&quot;:&quot;px&quot;,&quot;top&quot;:&quot;&quot;,&quot;right&quot;:&quot;&quot;,&quot;bottom&quot;:&quot;&quot;,&quot;left&quot;:&quot;&quot;,&quot;isLinked&quot;:true}}\" data-elementor-post-type=\"page\">\n\t\t\t\t\t\t<section class=\"elementor-section elementor-top-section elementor-element elementor-element-e2a0fab elementor-section-content-middle elementor-section-stretched elementor-section-boxed elementor-section-height-default elementor-section-height-default wd-section-disabled\" data-id=\"e2a0fab\" data-element_type=\"section\" data-settings=\"{&quot;stretch_section&quot;:&quot;section-stretched&quot;}\">\n\t\t\t\t\t\t<div class=\"elementor-container elementor-column-gap-default\">\n\t\t\t\t\t<div class=\"elementor-column elementor-col-50 elementor-top-column elementor-element elementor-element-f281ca8\" data-id=\"f281ca8\" data-element_type=\"column\" data-settings=\"{&quot;background_background&quot;:&quot;classic&quot;}\">\n\t\t\t<div class=\"elementor-widget-wrap elementor-element-populated\">\n\t\t\t\t\t\t<div class=\"elementor-element elementor-element-ddf0f05 elementor-widget elementor-widget-image\" data-id=\"ddf0f05\" data-element_type=\"widget\" data-widget_type=\"image.default\">\n\t\t\t\t<div class=\"elementor-widget-container\">\n\t\t\t\t\t\t\t\t\t\t\t\t\t\t\t<img fetchpriority=\"high\" decoding=\"async\" width=\"1000\" height=\"486\" src=\"https:\/\/gymstreet.eu\/wp-content\/uploads\/2023\/08\/82.jpg\" class=\"attachment-large size-large wp-image-8055\" alt=\"\" srcset=\"https:\/\/gymstreet.eu\/wp-content\/uploads\/2023\/08\/82.jpg 1000w, https:\/\/gymstreet.eu\/wp-content\/uploads\/2023\/08\/82-150x73.jpg 150w, https:\/\/gymstreet.eu\/wp-content\/uploads\/2023\/08\/82-300x146.jpg 300w, https:\/\/gymstreet.eu\/wp-content\/uploads\/2023\/08\/82-768x373.jpg 768w\" sizes=\"(max-width: 1000px) 100vw, 1000px\" \/>\t\t\t\t\t\t\t\t\t\t\t\t\t\t\t<\/div>\n\t\t\t\t<\/div>\n\t\t\t\t\t<\/div>\n\t\t<\/div>\n\t\t\t\t<div class=\"elementor-column elementor-col-50 elementor-top-column elementor-element elementor-element-97078bc\" data-id=\"97078bc\" data-element_type=\"column\" data-settings=\"{&quot;background_background&quot;:&quot;classic&quot;}\">\n\t\t\t<div class=\"elementor-widget-wrap elementor-element-populated\">\n\t\t\t\t\t\t<div class=\"elementor-element elementor-element-015b07a elementor-widget elementor-widget-wd_title\" data-id=\"015b07a\" data-element_type=\"widget\" data-widget_type=\"wd_title.default\">\n\t\t\t\t<div class=\"elementor-widget-container\">\n\t\t\t\t\t\t\t<div class=\"title-wrapper set-mb-s reset-last-child wd-title-color-alt wd-title-style-underlined wd-title-size-large text-left\">\n\n\t\t\t\n\t\t\t<div class=\"liner-continer\">\n\t\t\t\t<h4 class=\"woodmart-title-container title wd-fontsize-xxl\">ABOUT OUR COMPANY<\/h4> \n\t\t\t\t\t\t\t<\/div>\n\n\t\t\t\t\t<\/div>\n\t\t\t\t\t\t<\/div>\n\t\t\t\t<\/div>\n\t\t\t\t<div class=\"elementor-element elementor-element-5840233 color-scheme-inherit text-left elementor-widget elementor-widget-text-editor\" data-id=\"5840233\" data-element_type=\"widget\" data-widget_type=\"text-editor.default\">\n\t\t\t\t<div class=\"elementor-widget-container\">\n\t\t\t\t\t\t\t\t\t<p><strong><span style=\"color: #ff6600;\">DIMAR Sp. z o. o.<\/span> <\/strong>is a company that is changing our perception of life and public spaces. We create modern outdoor fitness sets and expand training zones by combining strength training, endurance exercises, gymnastics, and functional workouts \u2014 all in the open air. Our solutions are not just equipment; they are innovation and a lifestyle that promotes health, safety, and community development. We collaborate with local authorities, developers, fitness clubs, and sports regulators to create safe and reliable training systems. We offer modular solutions tailored to your needs \u2014 from practical training grounds to modern sports complexes that enhance the prestige of any location.<\/p>\t\t\t\t\t\t\t\t<\/div>\n\t\t\t\t<\/div>\n\t\t\t\t\t<\/div>\n\t\t<\/div>\n\t\t\t\t\t<\/div>\n\t\t<\/section>\n\t\t\t\t<section class=\"elementor-section elementor-top-section elementor-element elementor-element-b1196c3 elementor-section-content-middle elementor-section-stretched elementor-section-boxed elementor-section-height-default elementor-section-height-default wd-section-disabled\" data-id=\"b1196c3\" data-element_type=\"section\" data-settings=\"{&quot;stretch_section&quot;:&quot;section-stretched&quot;}\">\n\t\t\t\t\t\t<div class=\"elementor-container elementor-column-gap-default\">\n\t\t\t\t\t<div class=\"elementor-column elementor-col-100 elementor-top-column elementor-element elementor-element-51d2dd1\" data-id=\"51d2dd1\" data-element_type=\"column\" data-settings=\"{&quot;background_background&quot;:&quot;classic&quot;}\">\n\t\t\t<div class=\"elementor-widget-wrap elementor-element-populated\">\n\t\t\t\t\t\t<div class=\"elementor-element elementor-element-c233016 color-scheme-inherit text-left elementor-widget elementor-widget-text-editor\" data-id=\"c233016\" data-element_type=\"widget\" data-widget_type=\"text-editor.default\">\n\t\t\t\t<div class=\"elementor-widget-container\">\n\t\t\t\t\t\t\t\t\t<p><strong>DIMAR<\/strong> \u2014 Rewolucja w Przestrzeni Miejskiej i Twoim Treningu Firma DIMAR Sp. z o.o. to lider w tworzeniu innowacyjnych rozwi\u0105za\u0144, kt\u00f3re trwale zmieniaj\u0105 krajobraz polskich miast i nasze podej\u015bcie do aktywnego stylu \u017cycia. Nie tworzymy zwyk\u0142ych si\u0142owni plenerowych \u2014 projektujemy nowoczesne, wielofunkcyjne strefy treningowe, gdzie si\u0142a spotyka si\u0119 z wytrzyma\u0142o\u015bci\u0105, a gimnastyka z treningiem funkcjonalnym. Wszystko to w otoczeniu zieleni, na \u015bwie\u017cym powietrzu.<\/p><h4>Nasza Misja: Wi\u0119cej ni\u017c Sprz\u0119t \u2014 To Styl \u017bycia<\/h4><p>Nasz\u0105 misj\u0105 jest tworzenie przestrzeni, kt\u00f3re inspiruj\u0105 do ruchu, buduj\u0105 zdrowe nawyki i sprzyjaj\u0105 integracji spo\u0142ecznej. Ka\u017cdy nasz uliczny kompleks treningowy to starannie zaprojektowany ekosystem, \u0142\u0105cz\u0105cy:<\/p><ul><li><span style=\"color: #ef7f1a;\"><strong>Trening si\u0142owy na najwy\u017cszej jako\u015bci urz\u0105dzeniach<\/strong><\/span><\/li><li><span style=\"color: #ef7f1a;\"><strong>Strefy street workout i kalisteniki<\/strong>\u00a0<\/span><\/li><li><span style=\"color: #ef7f1a;\"><strong>\u0106wiczenia funkcjonalne i wytrzyma\u0142o\u015bciowe<\/strong>\u00a0<\/span><\/li><li><span style=\"color: #ef7f1a;\"><strong>Bezpiecze\u0144stwo i trwa\u0142o\u015b\u0107 dzi\u0119ki zastosowaniu najlepszych materia\u0142\u00f3w.<\/strong><\/span>\u00a0Wierzymy, \u017ce nowoczesne wyposa\u017cenie si\u0142owni plenerowych powinno \u0142\u0105czy\u0107 pokolenia i zach\u0119ca\u0107 do regularnej aktywno\u015bci ka\u017cdego, niezale\u017cnie od poziomu zaawansowania.<\/li><\/ul>\t\t\t\t\t\t\t\t<\/div>\n\t\t\t\t<\/div>\n\t\t\t\t<div class=\"elementor-element elementor-element-daa279e color-scheme-inherit text-left elementor-widget elementor-widget-text-editor\" data-id=\"daa279e\" data-element_type=\"widget\" data-widget_type=\"text-editor.default\">\n\t\t\t\t<div class=\"elementor-widget-container\">\n\t\t\t\t\t\t\t\t\t<h4>Innowacyjne Rozwi\u0105zania Dla Samorz\u0105d\u00f3w, Deweloper\u00f3w i Spo\u0142eczno\u015bci.\u00a0<\/h4><p>Wsp\u00f3\u0142pracujemy z szerokim gronem partner\u00f3w, aby wsp\u00f3lnie kreowa\u0107 przyjazne i aktywne przestrzenie publiczne. Jako firma DIMAR oferujemy partnersk\u0105 wsp\u00f3\u0142prac\u0119:<\/p><ul><li><span style=\"color: #ef7f1a;\"><strong>Dla jednostek samorz\u0105du terytorialnego <\/strong><\/span> \u2014 tworzymy atrakcyjne i funkcjonalne place zabaw dla doros\u0142ych, kt\u00f3re podnosz\u0105 presta\u017c dzielnic i dbaj\u0105 o zdrowie mieszka\u0144c\u00f3w.<\/li><li><span style=\"color: #ef7f1a;\"><strong>Dla deweloper\u00f3w i sp\u00f3\u0142dzielni mieszkaniowych <\/strong><\/span>\u2014 zwi\u0119kszamy atrakcyjno\u015b\u0107 inwestycji poprzez budow\u0119 nowoczesnych stref treningu plenerowego, kt\u00f3re staj\u0105 si\u0119 wizyt\u00f3wk\u0105 osiedli.<\/li><li><span style=\"color: #ef7f1a;\"><strong>Dla klub\u00f3w fitness i operator\u00f3w obiekt\u00f3w sportowych <\/strong><\/span>\u2014\u00a0 rozbudowujemy ofert\u0119 treningow\u0105 o modu\u0142y na \u015bwie\u017cym powietrzu.<\/li><\/ul>\t\t\t\t\t\t\t\t<\/div>\n\t\t\t\t<\/div>\n\t\t\t\t<div class=\"elementor-element elementor-element-f30978b color-scheme-inherit text-left elementor-widget elementor-widget-text-editor\" data-id=\"f30978b\" data-element_type=\"widget\" data-widget_type=\"text-editor.default\">\n\t\t\t\t<div class=\"elementor-widget-container\">\n\t\t\t\t\t\t\t\t\t<h4>Dlaczego Warto Wybra\u0107 Si\u0142ownie Plenerowe DIMAR?<\/h4><ul><li><span style=\"color: #ef7f1a;\"><strong>Kompleksowe, modu\u0142owe rozwi\u0105zania:<\/strong><\/span> Od pojedynczych urz\u0105dze\u0144 po rozbudowane\u00a0<strong>systemy treningowe<\/strong>\u00a0dostosowane do Twojej przestrzeni i bud\u017cetu.<\/li><li><span style=\"color: #ef7f1a;\"><strong>Bezpiecze\u0144stwo i Normy: <\/strong><\/span>Wszystkie nasze produkty spe\u0142niaj\u0105 rygorystyczne normy bezpiecze\u0144stwa, a nasza wsp\u00f3\u0142praca z\u00a0<strong>organami nadzoru budowlanego<\/strong>\u00a0gwarantuje najwy\u017csz\u0105 jako\u015b\u0107.<\/li><li><span style=\"color: #ef7f1a;\"><strong>Innowacja i Jako\u015b\u0107:<\/strong><\/span> Stawiamy na nowoczesny design, trwa\u0142e materia\u0142y odporne na warunki atmosferyczne i wandalizm.<\/li><li><span style=\"color: #ef7f1a;\"><strong>Wsparcie na Ka\u017cdym Etapie: <\/strong><\/span>Oferujemy pe\u0142ne wsparcie \u2014 od koncepcji i projektu, przez dostaw\u0119, po monta\u017c i serwis. <strong>Zainwestuj w zdrowie i aktywno\u015b\u0107 Twojej spo\u0142eczno\u015bci z DIMAR Sp. z o.o. \u2014 tw\u00f3rz razem z nami nowoczesne, sportowe przestrzenie, kt\u00f3re inspiruj\u0105 do \u017cycia!<\/strong><\/li><\/ul>\t\t\t\t\t\t\t\t<\/div>\n\t\t\t\t<\/div>\n\t\t\t\t<div class=\"elementor-element elementor-element-d2eb15c color-scheme-inherit text-left elementor-widget elementor-widget-text-editor\" data-id=\"d2eb15c\" data-element_type=\"widget\" data-widget_type=\"text-editor.default\">\n\t\t\t\t<div class=\"elementor-widget-container\">\n\t\t\t\t\t\t\t\t\t<h4><span style=\"color: #000000;\">Zainwestuj w zdrowie i aktywno\u015b\u0107 Twojej spo\u0142eczno\u015bci z DIMAR Sp. z o.o. \u2014 tw\u00f3rz razem z nami nowoczesne, sportowe przestrzenie, kt\u00f3re inspiruj\u0105 do \u017cycia!<\/span><\/h4>\t\t\t\t\t\t\t\t<\/div>\n\t\t\t\t<\/div>\n\t\t\t\t<div class=\"elementor-element elementor-element-f8ac6c5 elementor-hidden-tablet elementor-hidden-mobile elementor-widget elementor-widget-bdt-iconnav\" data-id=\"f8ac6c5\" data-element_type=\"widget\" data-widget_type=\"bdt-iconnav.default\">\n\t\t\t\t<div class=\"elementor-widget-container\">\n\t\t\t\t\t\t\t<div class=\"bdt-icon-nav\" id=\"bdt-icon-nav-f8ac6c5\">\n\t\t\t<div class=\"bdt-icon-nav-container bdt-icon-nav-left\">\n\t\t\t\t<div class=\"bdt-icon-nav-branding\">\n\t\t\t\t\t\t\t\t\t\t\t\t\t\t\t\t\t\t\t\t\t\t\t\t\t<div>\n\t\t\t\t\t\t\t\t<div class=\"bdt-logo-txt\">\n\t\t\t\t\t\t\t\t\t<a href=\"https:\/\/gymstreet.eu\/en\/\" title=\"Producent zestaw\u00f3w plenerowych\">\n\t\t\t\t\t\t\t\t\t\tPzp\t\t\t\t\t\t\t\t\t<\/a>\n\t\t\t\t\t\t\t\t<\/div>\n\t\t\t\t\t\t\t<\/div>\n\t\t\t\t\t\t\t\t\t\t\t\n\t\t\t\t<\/div>\n\t\t\t\t<ul class=\"bdt-icon-nav bdt-icon-nav-vertical\">\n\t\t\t\t\t\n\t\t\t\t\t\t\t<li class=\"bdt-tippy-tooltip\" data-tippy=\"\" data-tippy-content=\"Strona g\u0142\u00f3wna\" data-tippy-distance=\"5\" data-tippy-placement=\"left\">\n\t\t\t<a class=\"bdt-icon-nav-icon-wrapper bdt-flex-middle bdt-flex-center\" href=\"https:\/\/gymstreet.eu\/\" \t\t>\n\n\t\t\t\t\t\t\t\t\t<span class=\"bdt-icon-nav-icon\">\n\n\t\t\t\t\t\t<i aria-hidden=\"true\" class=\"fa-fw fas fa-home\"><\/i>\n\t\t\t\t\t<\/span>\n\t\t\t\t\n\t\t\t\t\t\t\t<\/a>\n\t\t<\/li>\n\t\t\t\t<li class=\"bdt-tippy-tooltip\" data-tippy=\"\" data-tippy-content=\"O Firmie\" data-tippy-distance=\"5\" data-tippy-placement=\"left\">\n\t\t\t<a class=\"bdt-icon-nav-icon-wrapper bdt-flex-middle bdt-flex-center\" href=\"https:\/\/gymstreet.eu\/about-us\/\" \t\t>\n\n\t\t\t\t\t\t\t\t\t<span class=\"bdt-icon-nav-icon\">\n\n\t\t\t\t\t\t<i aria-hidden=\"true\" class=\"fa-fw fas fa-users\"><\/i>\n\t\t\t\t\t<\/span>\n\t\t\t\t\n\t\t\t\t\t\t\t<\/a>\n\t\t<\/li>\n\t\t\t\t<li class=\"bdt-tippy-tooltip\" data-tippy=\"\" data-tippy-content=\"Dostawa i p\u0142atno\u015b\u0107\" data-tippy-distance=\"5\" data-tippy-placement=\"left\">\n\t\t\t<a class=\"bdt-icon-nav-icon-wrapper bdt-flex-middle bdt-flex-center\" href=\"https:\/\/gymstreet.eu\/payment-and-delivery\/\" \t\t>\n\n\t\t\t\t\t\t\t\t\t<span class=\"bdt-icon-nav-icon\">\n\n\t\t\t\t\t\t<i aria-hidden=\"true\" class=\"fa-fw fas fa-shipping-fast\"><\/i>\n\t\t\t\t\t<\/span>\n\t\t\t\t\n\t\t\t\t\t\t\t<\/a>\n\t\t<\/li>\n\t\t\t\t<li class=\"bdt-tippy-tooltip\" data-tippy=\"\" data-tippy-content=\"Galeria zdj\u0119\u0107\" data-tippy-distance=\"5\" data-tippy-placement=\"left\">\n\t\t\t<a class=\"bdt-icon-nav-icon-wrapper bdt-flex-middle bdt-flex-center\" href=\"https:\/\/gymstreet.eu\/fotogalereya\/\" \t\t>\n\n\t\t\t\t\t\t\t\t\t<span class=\"bdt-icon-nav-icon\">\n\n\t\t\t\t\t\t<i aria-hidden=\"true\" class=\"fa-fw fas fa-book\"><\/i>\n\t\t\t\t\t<\/span>\n\t\t\t\t\n\t\t\t\t\t\t\t<\/a>\n\t\t<\/li>\n\t\t\t\t<li class=\"bdt-tippy-tooltip\" data-tippy=\"\" data-tippy-content=\"Projekty\" data-tippy-distance=\"5\" data-tippy-placement=\"left\">\n\t\t\t<a class=\"bdt-icon-nav-icon-wrapper bdt-flex-middle bdt-flex-center\" href=\"https:\/\/gymstreet.eu\/category\/projekty\/\" \t\t>\n\n\t\t\t\t\t\t\t\t\t<span class=\"bdt-icon-nav-icon\">\n\n\t\t\t\t\t\t<i aria-hidden=\"true\" class=\"fa-fw far fa-images\"><\/i>\n\t\t\t\t\t<\/span>\n\t\t\t\t\n\t\t\t\t\t\t\t<\/a>\n\t\t<\/li>\n\t\t\t\t<li class=\"bdt-tippy-tooltip\" data-tippy=\"\" data-tippy-content=\"Instrukcje wideo\" data-tippy-distance=\"5\" data-tippy-placement=\"left\">\n\t\t\t<a class=\"bdt-icon-nav-icon-wrapper bdt-flex-middle bdt-flex-center\" href=\"https:\/\/gymstreet.eu\/category\/instrukcje-wideo\/\" \t\t>\n\n\t\t\t\t\t\t\t\t\t<span class=\"bdt-icon-nav-icon\">\n\n\t\t\t\t\t\t<i aria-hidden=\"true\" class=\"fa-fw fas fa-video\"><\/i>\n\t\t\t\t\t<\/span>\n\t\t\t\t\n\t\t\t\t\t\t\t<\/a>\n\t\t<\/li>\n\t\t\t\t<li class=\"bdt-tippy-tooltip\" data-tippy=\"\" data-tippy-content=\"Kontakt \" data-tippy-distance=\"5\" data-tippy-placement=\"left\">\n\t\t\t<a class=\"bdt-icon-nav-icon-wrapper bdt-flex-middle bdt-flex-center\" href=\"https:\/\/gymstreet.eu\/contact-us\/\" \t\t>\n\n\t\t\t\t\t\t\t\t\t<span class=\"bdt-icon-nav-icon\">\n\n\t\t\t\t\t\t<i aria-hidden=\"true\" class=\"fa-fw fas fa-envelope\"><\/i>\n\t\t\t\t\t<\/span>\n\t\t\t\t\n\t\t\t\t\t\t\t<\/a>\n\t\t<\/li>\n\t\t\t\t\t\t<\/ul>\n\t\t\t<\/div>\n\t\t<\/div>\n\n\t\t\t\t\t\t<\/div>\n\t\t\t\t<\/div>\n\t\t\t\t\t<\/div>\n\t\t<\/div>\n\t\t\t\t\t<\/div>\n\t\t<\/section>\n\t\t\t\t<\/div>\n\t\t","protected":false},"excerpt":{"rendered":"<p>ABOUT OUR COMPANY DIMAR Sp. z o. o. is a company that is changing our perception of life and public<\/p>\n","protected":false},"author":1,"featured_media":0,"parent":0,"menu_order":0,"comment_status":"closed","ping_status":"closed","template":"","meta":{"footnotes":""},"class_list":["post-8058","page","type-page","status-publish","hentry"],"_links":{"self":[{"href":"https:\/\/gymstreet.eu\/en\/wp-json\/wp\/v2\/pages\/8058","targetHints":{"allow":["GET"]}}],"collection":[{"href":"https:\/\/gymstreet.eu\/en\/wp-json\/wp\/v2\/pages"}],"about":[{"href":"https:\/\/gymstreet.eu\/en\/wp-json\/wp\/v2\/types\/page"}],"author":[{"embeddable":true,"href":"https:\/\/gymstreet.eu\/en\/wp-json\/wp\/v2\/users\/1"}],"replies":[{"embeddable":true,"href":"https:\/\/gymstreet.eu\/en\/wp-json\/wp\/v2\/comments?post=8058"}],"version-history":[{"count":9,"href":"https:\/\/gymstreet.eu\/en\/wp-json\/wp\/v2\/pages\/8058\/revisions"}],"predecessor-version":[{"id":10425,"href":"https:\/\/gymstreet.eu\/en\/wp-json\/wp\/v2\/pages\/8058\/revisions\/10425"}],"wp:attachment":[{"href":"https:\/\/gymstreet.eu\/en\/wp-json\/wp\/v2\/media?parent=8058"}],"curies":[{"name":"wp","href":"https:\/\/api.w.org\/{rel}","templated":true}]}}